{"id":371,"date":"2021-11-18T12:48:34","date_gmt":"2021-11-18T15:48:34","guid":{"rendered":"http:\/\/mivotomieleccion.info\/undp\/?page_id=371"},"modified":"2026-01-30T11:39:50","modified_gmt":"2026-01-30T14:39:50","slug":"que-nos-proponemos-2","status":"publish","type":"page","link":"https:\/\/mivotomieleccion.info\/undp\/que-nos-proponemos-2\/","title":{"rendered":"\u00bfQu\u00e9 nos proponemos?"},"content":{"rendered":"\t\t<div data-elementor-type=\"wp-page\" data-elementor-id=\"371\" class=\"elementor elementor-371\">\n\t\t\t\t\t\t<div class=\"elementor-inner\">\n\t\t\t\t<div class=\"elementor-section-wrap\">\n\t\t\t\t\t\t\t\t\t<section class=\"elementor-section elementor-top-section elementor-element elementor-element-636b3280 elementor-section-full_width elementor-section-height-min-height elementor-section-items-stretch elementor-section-height-default\" data-id=\"636b3280\" data-element_type=\"section\" data-settings=\"{&quot;sticky&quot;:&quot;top&quot;,&quot;background_background&quot;:&quot;classic&quot;,&quot;sticky_on&quot;:[&quot;desktop&quot;,&quot;tablet&quot;,&quot;mobile&quot;],&quot;sticky_offset&quot;:0,&quot;sticky_effects_offset&quot;:0}\">\n\t\t\t\t\t\t<div class=\"elementor-container elementor-column-gap-default\">\n\t\t\t\t\t\t\t<div class=\"elementor-row\">\n\t\t\t\t\t<div class=\"elementor-column elementor-col-50 elementor-top-column elementor-element elementor-element-b5220cf\" data-id=\"b5220cf\" data-element_type=\"column\">\n\t\t\t<div class=\"elementor-column-wrap elementor-element-populated\">\n\t\t\t\t\t\t\t<div class=\"elementor-widget-wrap\">\n\t\t\t\t\t\t<div class=\"elementor-element elementor-element-24c95fc4 elementor-widget elementor-widget-image\" data-id=\"24c95fc4\" data-element_type=\"widget\" data-widget_type=\"image.default\">\n\t\t\t\t<div class=\"elementor-widget-container\">\n\t\t\t\t\t\t\t\t<div class=\"elementor-image\">\n\t\t\t\t\t\t\t\t\t\t\t\t\t<a href=\"https:\/\/mivotomieleccion.info\/undp\">\n\t\t\t\t\t\t\t<img loading=\"lazy\" decoding=\"async\" width=\"136\" height=\"57\" src=\"https:\/\/mivotomieleccion.info\/undp\/wp-content\/uploads\/2021\/09\/logo.png\" class=\"attachment-full size-full\" alt=\"\" \/>\t\t\t\t\t\t\t\t<\/a>\n\t\t\t\t\t\t\t\t\t\t\t\t\t\t<\/div>\n\t\t\t\t\t\t<\/div>\n\t\t\t\t<\/div>\n\t\t\t\t\t\t<\/div>\n\t\t\t\t\t<\/div>\n\t\t<\/div>\n\t\t\t\t<div class=\"elementor-column elementor-col-50 elementor-top-column elementor-element elementor-element-75a5e9da\" data-id=\"75a5e9da\" data-element_type=\"column\">\n\t\t\t<div class=\"elementor-column-wrap elementor-element-populated\">\n\t\t\t\t\t\t\t<div class=\"elementor-widget-wrap\">\n\t\t\t\t\t\t<div class=\"elementor-element elementor-element-2322411f elementor-nav-menu__align-right elementor-nav-menu--dropdown-mobile elementor-nav-menu--stretch elementor-nav-menu__text-align-center elementor-nav-menu--toggle elementor-nav-menu--burger elementor-widget elementor-widget-nav-menu\" data-id=\"2322411f\" data-element_type=\"widget\" data-settings=\"{&quot;full_width&quot;:&quot;stretch&quot;,&quot;layout&quot;:&quot;horizontal&quot;,&quot;submenu_icon&quot;:{&quot;value&quot;:&quot;&lt;i class=\\&quot;fas fa-caret-down\\&quot;&gt;&lt;\\\/i&gt;&quot;,&quot;library&quot;:&quot;fa-solid&quot;},&quot;toggle&quot;:&quot;burger&quot;}\" data-widget_type=\"nav-menu.default\">\n\t\t\t\t<div class=\"elementor-widget-container\">\n\t\t\t\t\t\t<nav migration_allowed=\"1\" migrated=\"0\" role=\"navigation\" class=\"elementor-nav-menu--main elementor-nav-menu__container elementor-nav-menu--layout-horizontal e--pointer-text e--animation-sink\"><ul id=\"menu-1-2322411f\" class=\"elementor-nav-menu\"><li class=\"menu-item menu-item-type-post_type menu-item-object-page menu-item-home menu-item-50\"><a href=\"https:\/\/mivotomieleccion.info\/undp\/\" class=\"elementor-item\">Inicio<\/a><\/li>\n<li class=\"menu-item menu-item-type-post_type menu-item-object-page menu-item-373\"><a href=\"https:\/\/mivotomieleccion.info\/undp\/que-nos-proponemos-2\/\" class=\"elementor-item\">\u00bfQu\u00e9 nos proponemos?<\/a><\/li>\n<li class=\"menu-item menu-item-type-post_type menu-item-object-page menu-item-482\"><a href=\"https:\/\/mivotomieleccion.info\/undp\/mi-primer-voto\/\" class=\"elementor-item\">Mi primer voto<\/a><\/li>\n<li class=\"menu-item menu-item-type-post_type menu-item-object-page current_page_parent menu-item-51\"><a href=\"https:\/\/mivotomieleccion.info\/undp\/blog\/\" class=\"elementor-item\">Blog<\/a><\/li>\n<li class=\"menu-item menu-item-type-post_type menu-item-object-page menu-item-413\"><a href=\"https:\/\/mivotomieleccion.info\/undp\/contactanos\/\" class=\"elementor-item\">Contactanos<\/a><\/li>\n<li class=\"menu-item menu-item-type-post_type menu-item-object-page menu-item-592\"><a href=\"https:\/\/mivotomieleccion.info\/undp\/trivia-derechos\/\" class=\"elementor-item\">Trivia<\/a><\/li>\n<li class=\"menu-item menu-item-type-post_type menu-item-object-page menu-item-1454\"><a href=\"https:\/\/mivotomieleccion.info\/undp\/elegi-participar\/\" class=\"elementor-item\">Eleg\u00ed Participar<\/a><\/li>\n<\/ul><\/nav>\n\t\t\t\t\t<div class=\"elementor-menu-toggle\" role=\"button\" tabindex=\"0\" aria-label=\"Menu Toggle\" aria-expanded=\"false\">\n\t\t\t<i aria-hidden=\"true\" role=\"presentation\" class=\"eicon-menu-bar\"><\/i>\t\t\t<span class=\"elementor-screen-only\">Menu<\/span>\n\t\t<\/div>\n\t\t\t<nav class=\"elementor-nav-menu--dropdown elementor-nav-menu__container\" role=\"navigation\" aria-hidden=\"true\"><ul id=\"menu-2-2322411f\" class=\"elementor-nav-menu\"><li class=\"menu-item menu-item-type-post_type menu-item-object-page menu-item-home menu-item-50\"><a href=\"https:\/\/mivotomieleccion.info\/undp\/\" class=\"elementor-item\" tabindex=\"-1\">Inicio<\/a><\/li>\n<li class=\"menu-item menu-item-type-post_type menu-item-object-page menu-item-373\"><a href=\"https:\/\/mivotomieleccion.info\/undp\/que-nos-proponemos-2\/\" class=\"elementor-item\" tabindex=\"-1\">\u00bfQu\u00e9 nos proponemos?<\/a><\/li>\n<li class=\"menu-item menu-item-type-post_type menu-item-object-page menu-item-482\"><a href=\"https:\/\/mivotomieleccion.info\/undp\/mi-primer-voto\/\" class=\"elementor-item\" tabindex=\"-1\">Mi primer voto<\/a><\/li>\n<li class=\"menu-item menu-item-type-post_type menu-item-object-page current_page_parent menu-item-51\"><a href=\"https:\/\/mivotomieleccion.info\/undp\/blog\/\" class=\"elementor-item\" tabindex=\"-1\">Blog<\/a><\/li>\n<li class=\"menu-item menu-item-type-post_type menu-item-object-page menu-item-413\"><a href=\"https:\/\/mivotomieleccion.info\/undp\/contactanos\/\" class=\"elementor-item\" tabindex=\"-1\">Contactanos<\/a><\/li>\n<li class=\"menu-item menu-item-type-post_type menu-item-object-page menu-item-592\"><a href=\"https:\/\/mivotomieleccion.info\/undp\/trivia-derechos\/\" class=\"elementor-item\" tabindex=\"-1\">Trivia<\/a><\/li>\n<li class=\"menu-item menu-item-type-post_type menu-item-object-page menu-item-1454\"><a href=\"https:\/\/mivotomieleccion.info\/undp\/elegi-participar\/\" class=\"elementor-item\" tabindex=\"-1\">Eleg\u00ed Participar<\/a><\/li>\n<\/ul><\/nav>\n\t\t\t\t<\/div>\n\t\t\t\t<\/div>\n\t\t\t\t\t\t<\/div>\n\t\t\t\t\t<\/div>\n\t\t<\/div>\n\t\t\t\t\t\t\t\t<\/div>\n\t\t\t\t\t<\/div>\n\t\t<\/section>\n\t\t\t\t<section class=\"elementor-section elementor-top-section elementor-element elementor-element-766f601f elementor-section-height-min-height elementor-section-boxed elementor-section-height-default elementor-section-items-middle\" data-id=\"766f601f\" data-element_type=\"section\" data-settings=\"{&quot;background_background&quot;:&quot;classic&quot;}\">\n\t\t\t\t\t\t<div class=\"elementor-container elementor-column-gap-default\">\n\t\t\t\t\t\t\t<div class=\"elementor-row\">\n\t\t\t\t\t<div class=\"elementor-column elementor-col-50 elementor-top-column elementor-element elementor-element-54e75a81\" data-id=\"54e75a81\" data-element_type=\"column\">\n\t\t\t<div class=\"elementor-column-wrap elementor-element-populated\">\n\t\t\t\t\t\t\t<div class=\"elementor-widget-wrap\">\n\t\t\t\t\t\t<div class=\"elementor-element elementor-element-4b18400f elementor-widget elementor-widget-theme-post-title elementor-page-title elementor-widget-heading\" data-id=\"4b18400f\" data-element_type=\"widget\" data-widget_type=\"theme-post-title.default\">\n\t\t\t\t<div class=\"elementor-widget-container\">\n\t\t\t<h1 class=\"elementor-heading-title elementor-size-default\">\u00bfQu\u00e9 nos proponemos?<\/h1>\t\t<\/div>\n\t\t\t\t<\/div>\n\t\t\t\t\t\t<\/div>\n\t\t\t\t\t<\/div>\n\t\t<\/div>\n\t\t\t\t<div class=\"elementor-column elementor-col-50 elementor-top-column elementor-element elementor-element-780f9802\" data-id=\"780f9802\" data-element_type=\"column\">\n\t\t\t<div class=\"elementor-column-wrap\">\n\t\t\t\t\t\t\t<div class=\"elementor-widget-wrap\">\n\t\t\t\t\t\t\t\t<\/div>\n\t\t\t\t\t<\/div>\n\t\t<\/div>\n\t\t\t\t\t\t\t\t<\/div>\n\t\t\t\t\t<\/div>\n\t\t<\/section>\n\t\t\t\t<section class=\"elementor-section elementor-top-section elementor-element elementor-element-b996f49 elementor-section-boxed elementor-section-height-default elementor-section-height-default\" data-id=\"b996f49\" data-element_type=\"section\">\n\t\t\t\t\t\t<div class=\"elementor-container elementor-column-gap-default\">\n\t\t\t\t\t\t\t<div class=\"elementor-row\">\n\t\t\t\t\t<div class=\"elementor-column elementor-col-100 elementor-top-column elementor-element elementor-element-7fa141d\" data-id=\"7fa141d\" data-element_type=\"column\">\n\t\t\t<div class=\"elementor-column-wrap elementor-element-populated\">\n\t\t\t\t\t\t\t<div class=\"elementor-widget-wrap\">\n\t\t\t\t\t\t<div class=\"elementor-element elementor-element-5d15653 elementor-widget elementor-widget-text-editor\" data-id=\"5d15653\" data-element_type=\"widget\" data-widget_type=\"text-editor.default\">\n\t\t\t\t<div class=\"elementor-widget-container\">\n\t\t\t\t\t\t\t\t<div class=\"elementor-text-editor elementor-clearfix\">\n\t\t\t\t<p><span data-contrast=\"auto\">Desde la&nbsp;<\/span><a href=\"https:\/\/buenosaires.gob.ar\/gobierno\/programas-de-capacitacion\"><span data-contrast=\"none\">Direcci\u00f3n General Asuntos Pol\u00edticos y Electorales&nbsp;<\/span><\/a><span data-contrast=\"auto\">del Gobierno de la Ciudad Aut\u00f3noma de Buenos Aires, nos proponemos fomentar la formaci\u00f3n c\u00edvica y electoral de los y las j\u00f3venes estudiantes que ejercer\u00e1n, por primera vez, su derecho a votar.&nbsp;<\/span><span data-ccp-props=\"{}\">&nbsp;<\/span><\/p>\n<p><span data-contrast=\"auto\">Con la Facultad de Derecho de la Universidad de Buenos&nbsp;Aires, el&nbsp;Juzgado Federal&nbsp;con competencia electoral&nbsp;y la&nbsp;<\/span><a href=\"https:\/\/www.electoral.gob.ar\/nuevo\/index.php\"><span data-contrast=\"none\">C\u00e1mara Nacional Electoral<\/span><\/a><span data-contrast=\"auto\">&nbsp;como socios estrat\u00e9gicos, capacitamos a j\u00f3venes de entre 16 y 17 a\u00f1os de todos los establecimientos educativos p\u00fablicos de la CABA y de aquellos privados que se inscriban.&nbsp;<\/span><span data-ccp-props=\"{}\">&nbsp;<\/span><\/p>\n<p><span data-contrast=\"auto\">Desde el 2013, el&nbsp;<\/span><b><span data-contrast=\"auto\">Programa Mi voto, mi elecci\u00f3n<\/span><\/b><span data-contrast=\"auto\">&nbsp;ha capacitado a m\u00e1s de 271.000 j\u00f3venes para su primera experiencia electoral.<\/span><span data-ccp-props=\"{}\">&nbsp;<\/span><\/p>\t\t\t\t\t<\/div>\n\t\t\t\t\t\t<\/div>\n\t\t\t\t<\/div>\n\t\t\t\t\t\t<\/div>\n\t\t\t\t\t<\/div>\n\t\t<\/div>\n\t\t\t\t\t\t\t\t<\/div>\n\t\t\t\t\t<\/div>\n\t\t<\/section>\n\t\t\t\t<section class=\"elementor-section elementor-top-section elementor-element elementor-element-a398c33 elementor-section-boxed elementor-section-height-default elementor-section-height-default\" data-id=\"a398c33\" data-element_type=\"section\">\n\t\t\t\t\t\t<div class=\"elementor-container elementor-column-gap-default\">\n\t\t\t\t\t\t\t<div class=\"elementor-row\">\n\t\t\t\t\t<div class=\"elementor-column elementor-col-100 elementor-top-column elementor-element elementor-element-ed3f4ac\" data-id=\"ed3f4ac\" data-element_type=\"column\">\n\t\t\t<div class=\"elementor-column-wrap\">\n\t\t\t\t\t\t\t<div class=\"elementor-widget-wrap\">\n\t\t\t\t\t\t\t\t<\/div>\n\t\t\t\t\t<\/div>\n\t\t<\/div>\n\t\t\t\t\t\t\t\t<\/div>\n\t\t\t\t\t<\/div>\n\t\t<\/section>\n\t\t\t\t<footer class=\"elementor-section elementor-top-section elementor-element elementor-element-5465fd30 elementor-section-content-bottom elementor-section-boxed elementor-section-height-default elementor-section-height-default\" data-id=\"5465fd30\" data-element_type=\"section\" data-settings=\"{&quot;background_background&quot;:&quot;classic&quot;}\">\n\t\t\t\t\t\t<div class=\"elementor-container elementor-column-gap-default\">\n\t\t\t\t\t\t\t<div class=\"elementor-row\">\n\t\t\t\t\t<div class=\"elementor-column elementor-col-33 elementor-top-column elementor-element elementor-element-b48259d\" data-id=\"b48259d\" data-element_type=\"column\">\n\t\t\t<div class=\"elementor-column-wrap elementor-element-populated\">\n\t\t\t\t\t\t\t<div class=\"elementor-widget-wrap\">\n\t\t\t\t\t\t<div class=\"elementor-element elementor-element-1bb68463 elementor-widget elementor-widget-image\" data-id=\"1bb68463\" data-element_type=\"widget\" data-widget_type=\"image.default\">\n\t\t\t\t<div class=\"elementor-widget-container\">\n\t\t\t\t\t\t\t\t<div class=\"elementor-image\">\n\t\t\t\t\t\t\t\t\t\t\t\t<img loading=\"lazy\" decoding=\"async\" width=\"314\" height=\"153\" src=\"https:\/\/mivotomieleccion.info\/undp\/wp-content\/uploads\/2021\/10\/Logo-de-MVME-footer.png\" class=\"attachment-full size-full\" alt=\"\" srcset=\"https:\/\/mivotomieleccion.info\/undp\/wp-content\/uploads\/2021\/10\/Logo-de-MVME-footer.png 314w, https:\/\/mivotomieleccion.info\/undp\/wp-content\/uploads\/2021\/10\/Logo-de-MVME-footer-300x146.png 300w\" sizes=\"(max-width: 314px) 100vw, 314px\" \/>\t\t\t\t\t\t\t\t\t\t\t\t\t\t<\/div>\n\t\t\t\t\t\t<\/div>\n\t\t\t\t<\/div>\n\t\t\t\t\t\t<\/div>\n\t\t\t\t\t<\/div>\n\t\t<\/div>\n\t\t\t\t<div class=\"elementor-column elementor-col-66 elementor-top-column elementor-element elementor-element-43dd1b1b\" data-id=\"43dd1b1b\" data-element_type=\"column\">\n\t\t\t<div class=\"elementor-column-wrap elementor-element-populated\">\n\t\t\t\t\t\t\t<div class=\"elementor-widget-wrap\">\n\t\t\t\t\t\t<div class=\"elementor-element elementor-element-3f1489f5 elementor-nav-menu__align-right elementor-nav-menu--dropdown-tablet elementor-nav-menu__text-align-aside elementor-widget elementor-widget-nav-menu\" data-id=\"3f1489f5\" data-element_type=\"widget\" data-settings=\"{&quot;layout&quot;:&quot;horizontal&quot;,&quot;submenu_icon&quot;:{&quot;value&quot;:&quot;&lt;i class=\\&quot;fas fa-caret-down\\&quot;&gt;&lt;\\\/i&gt;&quot;,&quot;library&quot;:&quot;fa-solid&quot;}}\" data-widget_type=\"nav-menu.default\">\n\t\t\t\t<div class=\"elementor-widget-container\">\n\t\t\t\t\t\t<nav migration_allowed=\"1\" migrated=\"0\" role=\"navigation\" class=\"elementor-nav-menu--main elementor-nav-menu__container elementor-nav-menu--layout-horizontal e--pointer-underline e--animation-fade\"><ul id=\"menu-1-3f1489f5\" class=\"elementor-nav-menu\"><li class=\"menu-item menu-item-type-post_type menu-item-object-page menu-item-home menu-item-601\"><a href=\"https:\/\/mivotomieleccion.info\/undp\/\" class=\"elementor-item\">Inicio<\/a><\/li>\n<li class=\"menu-item menu-item-type-post_type menu-item-object-page current_page_parent menu-item-602\"><a href=\"https:\/\/mivotomieleccion.info\/undp\/blog\/\" class=\"elementor-item\">Blog<\/a><\/li>\n<li class=\"menu-item menu-item-type-post_type menu-item-object-page menu-item-603\"><a href=\"https:\/\/mivotomieleccion.info\/undp\/contactanos\/\" class=\"elementor-item\">Contactanos<\/a><\/li>\n<li class=\"menu-item menu-item-type-post_type menu-item-object-page menu-item-604\"><a href=\"https:\/\/mivotomieleccion.info\/undp\/mi-primer-voto\/\" class=\"elementor-item\">Mi primer voto<\/a><\/li>\n<li class=\"menu-item menu-item-type-post_type menu-item-object-page menu-item-1195\"><a href=\"https:\/\/mivotomieleccion.info\/undp\/elegi-participar\/\" class=\"elementor-item\">Eleg\u00ed Participar<\/a><\/li>\n<\/ul><\/nav>\n\t\t\t\t\t<div class=\"elementor-menu-toggle\" role=\"button\" tabindex=\"0\" aria-label=\"Menu Toggle\" aria-expanded=\"false\">\n\t\t\t<i aria-hidden=\"true\" role=\"presentation\" class=\"eicon-menu-bar\"><\/i>\t\t\t<span class=\"elementor-screen-only\">Menu<\/span>\n\t\t<\/div>\n\t\t\t<nav class=\"elementor-nav-menu--dropdown elementor-nav-menu__container\" role=\"navigation\" aria-hidden=\"true\"><ul id=\"menu-2-3f1489f5\" class=\"elementor-nav-menu\"><li class=\"menu-item menu-item-type-post_type menu-item-object-page menu-item-home menu-item-601\"><a href=\"https:\/\/mivotomieleccion.info\/undp\/\" class=\"elementor-item\" tabindex=\"-1\">Inicio<\/a><\/li>\n<li class=\"menu-item menu-item-type-post_type menu-item-object-page current_page_parent menu-item-602\"><a href=\"https:\/\/mivotomieleccion.info\/undp\/blog\/\" class=\"elementor-item\" tabindex=\"-1\">Blog<\/a><\/li>\n<li class=\"menu-item menu-item-type-post_type menu-item-object-page menu-item-603\"><a href=\"https:\/\/mivotomieleccion.info\/undp\/contactanos\/\" class=\"elementor-item\" tabindex=\"-1\">Contactanos<\/a><\/li>\n<li class=\"menu-item menu-item-type-post_type menu-item-object-page menu-item-604\"><a href=\"https:\/\/mivotomieleccion.info\/undp\/mi-primer-voto\/\" class=\"elementor-item\" tabindex=\"-1\">Mi primer voto<\/a><\/li>\n<li class=\"menu-item menu-item-type-post_type menu-item-object-page menu-item-1195\"><a href=\"https:\/\/mivotomieleccion.info\/undp\/elegi-participar\/\" class=\"elementor-item\" tabindex=\"-1\">Eleg\u00ed Participar<\/a><\/li>\n<\/ul><\/nav>\n\t\t\t\t<\/div>\n\t\t\t\t<\/div>\n\t\t\t\t\t\t<\/div>\n\t\t\t\t\t<\/div>\n\t\t<\/div>\n\t\t\t\t\t\t\t\t<\/div>\n\t\t\t\t\t<\/div>\n\t\t<\/footer>\n\t\t\t\t\t\t\t\t\t<\/div>\n\t\t\t<\/div>\n\t\t\t\t\t<\/div>\n\t\t","protected":false},"excerpt":{"rendered":"<p>Desde la&nbsp;Direcci\u00f3n General Asuntos Pol\u00edticos y Electorales&nbsp;del Gobierno de la Ciudad Aut\u00f3noma de Buenos Aires, nos proponemos fomentar la formaci\u00f3n c\u00edvica y electoral de los y las j\u00f3venes estudiantes que ejercer\u00e1n, por primera vez, su derecho a votar.&nbsp;&nbsp; Con la Facultad de Derecho de la Universidad de Buenos&nbsp;Aires, el&nbsp;Juzgado Federal&nbsp;con competencia electoral&nbsp;y la&nbsp;C\u00e1mara Nacional Electoral&nbsp;como [&hellip;]<\/p>\n","protected":false},"author":1,"featured_media":0,"parent":0,"menu_order":0,"comment_status":"closed","ping_status":"closed","template":"elementor_canvas","meta":{"advgb_blocks_editor_width":"","advgb_blocks_columns_visual_guide":"","_cbd_carousel_blocks":"[]","_mi_skip_tracking":false,"footnotes":""},"coauthors":[],"author_meta":{"author_link":"https:\/\/mivotomieleccion.info\/undp\/author\/admin\/","display_name":"admin"},"relative_dates":{"created":"Posted 4 a\u00f1os ago","modified":"Updated 3 meses ago"},"absolute_dates":{"created":"Posted on 18 noviembre, 2021","modified":"Updated on 30 enero, 2026"},"absolute_dates_time":{"created":"Posted on 18 noviembre, 2021 12:48 pm","modified":"Updated on 30 enero, 2026 11:39 am"},"featured_img_caption":"","featured_img":false,"series_order":"","_links":{"self":[{"href":"https:\/\/mivotomieleccion.info\/undp\/wp-json\/wp\/v2\/pages\/371"}],"collection":[{"href":"https:\/\/mivotomieleccion.info\/undp\/wp-json\/wp\/v2\/pages"}],"about":[{"href":"https:\/\/mivotomieleccion.info\/undp\/wp-json\/wp\/v2\/types\/page"}],"author":[{"embeddable":true,"href":"https:\/\/mivotomieleccion.info\/undp\/wp-json\/wp\/v2\/users\/1"}],"replies":[{"embeddable":true,"href":"https:\/\/mivotomieleccion.info\/undp\/wp-json\/wp\/v2\/comments?post=371"}],"version-history":[{"count":93,"href":"https:\/\/mivotomieleccion.info\/undp\/wp-json\/wp\/v2\/pages\/371\/revisions"}],"predecessor-version":[{"id":1754,"href":"https:\/\/mivotomieleccion.info\/undp\/wp-json\/wp\/v2\/pages\/371\/revisions\/1754"}],"wp:attachment":[{"href":"https:\/\/mivotomieleccion.info\/undp\/wp-json\/wp\/v2\/media?parent=371"}],"curies":[{"name":"wp","href":"https:\/\/api.w.org\/{rel}","templated":true}]}}